{"id":570,"date":"2025-06-24T22:28:19","date_gmt":"2025-06-24T22:28:19","guid":{"rendered":"https:\/\/kahea.ai\/?page_id=570"},"modified":"2025-08-12T11:58:07","modified_gmt":"2025-08-12T11:58:07","slug":"technologies","status":"publish","type":"page","link":"https:\/\/staging.kahea.ai\/fr\/technologies\/","title":{"rendered":"Technologies"},"content":{"rendered":"<div data-elementor-type=\"wp-page\" data-elementor-id=\"570\" class=\"elementor elementor-570\" data-elementor-post-type=\"page\">\n\t\t\t\t<div class=\"elementor-element elementor-element-eda8b3a e-flex e-con-boxed e-con e-parent\" data-id=\"eda8b3a\" data-element_type=\"container\" data-settings=\"{&quot;background_background&quot;:&quot;classic&quot;}\">\n\t\t\t\t\t<div class=\"e-con-inner\">\n\t\t\t\t<div class=\"elementor-element elementor-element-3c915d0 elementor-widget elementor-widget-heading\" data-id=\"3c915d0\" data-element_type=\"widget\" data-widget_type=\"heading.default\">\n\t\t\t\t<div class=\"elementor-widget-container\">\n\t\t\t\t\t<h1 class=\"elementor-heading-title elementor-size-default\">Technologies<\/h1>\t\t\t\t<\/div>\n\t\t\t\t<\/div>\n\t\t\t\t<div class=\"elementor-element elementor-element-6ac2056 elementor-widget__width-initial elementor-widget-tablet__width-initial elementor-widget-mobile__width-inherit elementor-widget elementor-widget-text-editor\" data-id=\"6ac2056\" data-element_type=\"widget\" data-widget_type=\"text-editor.default\">\n\t\t\t\t<div class=\"elementor-widget-container\">\n\t\t\t\t\t\t\t\t\t<p>Plates-formes de t\u00e9l\u00e9communications \u00e0 source ouverte<\/p>\t\t\t\t\t\t\t\t<\/div>\n\t\t\t\t<\/div>\n\t\t\t\t\t<\/div>\n\t\t\t\t<\/div>\n\t\t<div class=\"elementor-element elementor-element-c1bb033 e-flex e-con-boxed e-con e-parent\" data-id=\"c1bb033\" data-element_type=\"container\">\n\t\t\t\t\t<div class=\"e-con-inner\">\n\t\t<div class=\"elementor-element elementor-element-557b78e e-con-full e-flex e-con e-child\" data-id=\"557b78e\" data-element_type=\"container\" data-settings=\"{&quot;background_background&quot;:&quot;classic&quot;}\">\n\t\t<div class=\"elementor-element elementor-element-35d5bce e-con-full e-flex e-con e-child\" data-id=\"35d5bce\" data-element_type=\"container\">\n\t\t\t\t<div class=\"elementor-element elementor-element-c9a57f5 elementor-list-item-link-inline elementor-align-left elementor-icon-list--layout-traditional elementor-widget elementor-widget-icon-list\" data-id=\"c9a57f5\" data-element_type=\"widget\" data-widget_type=\"icon-list.default\">\n\t\t\t\t<div class=\"elementor-widget-container\">\n\t\t\t\t\t\t\t<ul class=\"elementor-icon-list-items\">\n\t\t\t\t\t\t\t<li class=\"elementor-icon-list-item\">\n\t\t\t\t\t\t\t\t\t\t\t<span class=\"elementor-icon-list-icon\">\n\t\t\t\t\t\t\t<svg xmlns=\"http:\/\/www.w3.org\/2000\/svg\" width=\"26\" height=\"27\" viewbox=\"0 0 26 27\" fill=\"none\"><mask id=\"mask0_152_767\" style=\"mask-type:alpha\" maskunits=\"userSpaceOnUse\" x=\"0\" y=\"0\" width=\"26\" height=\"27\"><g clip-path=\"url(#clip0_152_767)\"><g clip-path=\"url(#clip1_152_767)\"><path d=\"M13 26.0898C20.1797 26.0898 26 20.2695 26 13.0898C26 5.91014 20.1797 0.0898438 13 0.0898438C5.8203 0.0898438 0 5.91014 0 13.0898C0 20.2695 5.8203 26.0898 13 26.0898Z\" fill=\"black\"><\/path><\/g><\/g><\/mask><g mask=\"url(#mask0_152_767)\"><rect width=\"282\" height=\"26\" transform=\"translate(0 0.5)\" fill=\"#D3F75D\"><\/rect><mask id=\"path-2-inside-1_152_767\" fill=\"white\"><path d=\"M0 0.5H13V26.5H0V0.5Z\"><\/path><\/mask><path d=\"M0 0.5V26.5H13V0.5V-25.5H0V0.5Z\" fill=\"#222222\" mask=\"url(#path-2-inside-1_152_767)\"><\/path><\/g><defs><clippath id=\"clip0_152_767\"><rect width=\"26\" height=\"26\" fill=\"white\" transform=\"translate(0 0.0898438)\"><\/rect><\/clippath><clippath id=\"clip1_152_767\"><rect width=\"26\" height=\"26\" fill=\"white\" transform=\"translate(0 0.0898438)\"><\/rect><\/clippath><\/defs><\/svg>\t\t\t\t\t\t<\/span>\n\t\t\t\t\t\t\t\t\t\t<span class=\"elementor-icon-list-text\">Kamailio : Le routeur d'appels haute performance<\/span>\n\t\t\t\t\t\t\t\t\t<\/li>\n\t\t\t\t\t\t<\/ul>\n\t\t\t\t\t\t<\/div>\n\t\t\t\t<\/div>\n\t\t\t\t<div class=\"elementor-element elementor-element-bda431b elementor-widget__width-initial elementor-widget-tablet__width-initial elementor-widget-mobile__width-inherit elementor-widget elementor-widget-text-editor\" data-id=\"bda431b\" data-element_type=\"widget\" data-widget_type=\"text-editor.default\">\n\t\t\t\t<div class=\"elementor-widget-container\">\n\t\t\t\t\t\t\t\t\t<p>Kamailio est comme un syst\u00e8me sophistiqu\u00e9 de contr\u00f4le du trafic pour les appels t\u00e9l\u00e9phoniques et les communications vid\u00e9o. Tout comme les feux de circulation et les panneaux de signalisation dirigent les voitures \u00e0 travers une ville, Kamailio dirige les appels vocaux et vid\u00e9o \u00e0 travers les r\u00e9seaux de t\u00e9l\u00e9communications.<\/p>\t\t\t\t\t\t\t\t<\/div>\n\t\t\t\t<\/div>\n\t\t\t\t<div class=\"elementor-element elementor-element-08ec36b elementor-tablet-align-left elementor-mobile-align-left elementor-align-left elementor-widget elementor-widget-button\" data-id=\"08ec36b\" data-element_type=\"widget\" data-widget_type=\"button.default\">\n\t\t\t\t<div class=\"elementor-widget-container\">\n\t\t\t\t\t\t\t\t\t<div class=\"elementor-button-wrapper\">\n\t\t\t\t\t<a class=\"elementor-button elementor-button-link elementor-size-sm\" href=\"https:\/\/staging.kahea.ai\/fr\/technologies\/kamailio\/\">\n\t\t\t\t\t\t<span class=\"elementor-button-content-wrapper\">\n\t\t\t\t\t\t\t\t\t<span class=\"elementor-button-text\">En savoir plus<\/span>\n\t\t\t\t\t<\/span>\n\t\t\t\t\t<\/a>\n\t\t\t\t<\/div>\n\t\t\t\t\t\t\t\t<\/div>\n\t\t\t\t<\/div>\n\t\t\t\t<\/div>\n\t\t<div class=\"elementor-element elementor-element-83d6284 e-con-full e-flex e-con e-child\" data-id=\"83d6284\" data-element_type=\"container\">\n\t\t\t\t<div class=\"elementor-element elementor-element-a144e67 elementor-widget elementor-widget-image\" data-id=\"a144e67\" data-element_type=\"widget\" data-widget_type=\"image.default\">\n\t\t\t\t<div class=\"elementor-widget-container\">\n\t\t\t\t\t\t\t\t\t\t\t\t\t\t\t<img fetchpriority=\"high\" decoding=\"async\" width=\"486\" height=\"325\" src=\"https:\/\/staging.kahea.ai\/wp-content\/uploads\/2025\/06\/tech_temp_img_01.jpg\" class=\"attachment-full size-full wp-image-554\" alt=\"\" srcset=\"https:\/\/staging.kahea.ai\/wp-content\/uploads\/2025\/06\/tech_temp_img_01.jpg 486w, https:\/\/staging.kahea.ai\/wp-content\/uploads\/2025\/06\/tech_temp_img_01-300x201.jpg 300w\" sizes=\"(max-width: 486px) 100vw, 486px\" \/>\t\t\t\t\t\t\t\t\t\t\t\t\t\t\t<\/div>\n\t\t\t\t<\/div>\n\t\t\t\t<\/div>\n\t\t\t\t<\/div>\n\t\t<div class=\"elementor-element elementor-element-62bec99 e-con-full e-flex e-con e-child\" data-id=\"62bec99\" data-element_type=\"container\" data-settings=\"{&quot;background_background&quot;:&quot;classic&quot;}\">\n\t\t<div class=\"elementor-element elementor-element-8d276bd e-con-full e-flex e-con e-child\" data-id=\"8d276bd\" data-element_type=\"container\">\n\t\t\t\t<div class=\"elementor-element elementor-element-c28152d elementor-list-item-link-inline elementor-align-left elementor-icon-list--layout-traditional elementor-widget elementor-widget-icon-list\" data-id=\"c28152d\" data-element_type=\"widget\" data-widget_type=\"icon-list.default\">\n\t\t\t\t<div class=\"elementor-widget-container\">\n\t\t\t\t\t\t\t<ul class=\"elementor-icon-list-items\">\n\t\t\t\t\t\t\t<li class=\"elementor-icon-list-item\">\n\t\t\t\t\t\t\t\t\t\t\t<span class=\"elementor-icon-list-icon\">\n\t\t\t\t\t\t\t<svg xmlns=\"http:\/\/www.w3.org\/2000\/svg\" width=\"26\" height=\"27\" viewbox=\"0 0 26 27\" fill=\"none\"><mask id=\"mask0_152_767\" style=\"mask-type:alpha\" maskunits=\"userSpaceOnUse\" x=\"0\" y=\"0\" width=\"26\" height=\"27\"><g clip-path=\"url(#clip0_152_767)\"><g clip-path=\"url(#clip1_152_767)\"><path d=\"M13 26.0898C20.1797 26.0898 26 20.2695 26 13.0898C26 5.91014 20.1797 0.0898438 13 0.0898438C5.8203 0.0898438 0 5.91014 0 13.0898C0 20.2695 5.8203 26.0898 13 26.0898Z\" fill=\"black\"><\/path><\/g><\/g><\/mask><g mask=\"url(#mask0_152_767)\"><rect width=\"282\" height=\"26\" transform=\"translate(0 0.5)\" fill=\"#D3F75D\"><\/rect><mask id=\"path-2-inside-1_152_767\" fill=\"white\"><path d=\"M0 0.5H13V26.5H0V0.5Z\"><\/path><\/mask><path d=\"M0 0.5V26.5H13V0.5V-25.5H0V0.5Z\" fill=\"#222222\" mask=\"url(#path-2-inside-1_152_767)\"><\/path><\/g><defs><clippath id=\"clip0_152_767\"><rect width=\"26\" height=\"26\" fill=\"white\" transform=\"translate(0 0.0898438)\"><\/rect><\/clippath><clippath id=\"clip1_152_767\"><rect width=\"26\" height=\"26\" fill=\"white\" transform=\"translate(0 0.0898438)\"><\/rect><\/clippath><\/defs><\/svg>\t\t\t\t\t\t<\/span>\n\t\t\t\t\t\t\t\t\t\t<span class=\"elementor-icon-list-text\">FreeSWITCH : Le hub de communication intelligent<\/span>\n\t\t\t\t\t\t\t\t\t<\/li>\n\t\t\t\t\t\t<\/ul>\n\t\t\t\t\t\t<\/div>\n\t\t\t\t<\/div>\n\t\t\t\t<div class=\"elementor-element elementor-element-7eeffe4 elementor-widget__width-initial elementor-widget-tablet__width-initial elementor-widget-mobile__width-inherit elementor-widget elementor-widget-text-editor\" data-id=\"7eeffe4\" data-element_type=\"widget\" data-widget_type=\"text-editor.default\">\n\t\t\t\t<div class=\"elementor-widget-container\">\n\t\t\t\t\t\t\t\t\t<p>Imaginez FreeSWITCH comme un standardiste num\u00e9rique d'autrefois, mais incroyablement intelligent et capable de g\u00e9rer non seulement les appels vocaux, mais aussi les appels vid\u00e9o, les conf\u00e9rences, la messagerie vocale et m\u00eame la messagerie texte - le tout dans un syst\u00e8me unifi\u00e9.<\/p>\t\t\t\t\t\t\t\t<\/div>\n\t\t\t\t<\/div>\n\t\t\t\t<div class=\"elementor-element elementor-element-fe805ff elementor-tablet-align-left elementor-mobile-align-left elementor-align-left elementor-widget elementor-widget-button\" data-id=\"fe805ff\" data-element_type=\"widget\" data-widget_type=\"button.default\">\n\t\t\t\t<div class=\"elementor-widget-container\">\n\t\t\t\t\t\t\t\t\t<div class=\"elementor-button-wrapper\">\n\t\t\t\t\t<a class=\"elementor-button elementor-button-link elementor-size-sm\" href=\"https:\/\/staging.kahea.ai\/fr\/technologies\/freeswitch\/\">\n\t\t\t\t\t\t<span class=\"elementor-button-content-wrapper\">\n\t\t\t\t\t\t\t\t\t<span class=\"elementor-button-text\">En savoir plus<\/span>\n\t\t\t\t\t<\/span>\n\t\t\t\t\t<\/a>\n\t\t\t\t<\/div>\n\t\t\t\t\t\t\t\t<\/div>\n\t\t\t\t<\/div>\n\t\t\t\t<\/div>\n\t\t<div class=\"elementor-element elementor-element-c75eca9 e-con-full e-flex e-con e-child\" data-id=\"c75eca9\" data-element_type=\"container\">\n\t\t\t\t<div class=\"elementor-element elementor-element-953b748 elementor-widget elementor-widget-image\" data-id=\"953b748\" data-element_type=\"widget\" data-widget_type=\"image.default\">\n\t\t\t\t<div class=\"elementor-widget-container\">\n\t\t\t\t\t\t\t\t\t\t\t\t\t\t\t<img decoding=\"async\" width=\"486\" height=\"325\" src=\"https:\/\/staging.kahea.ai\/wp-content\/uploads\/2025\/06\/tech_temp_img_02.jpg\" class=\"attachment-full size-full wp-image-555\" alt=\"\" srcset=\"https:\/\/staging.kahea.ai\/wp-content\/uploads\/2025\/06\/tech_temp_img_02.jpg 486w, https:\/\/staging.kahea.ai\/wp-content\/uploads\/2025\/06\/tech_temp_img_02-300x201.jpg 300w\" sizes=\"(max-width: 486px) 100vw, 486px\" \/>\t\t\t\t\t\t\t\t\t\t\t\t\t\t\t<\/div>\n\t\t\t\t<\/div>\n\t\t\t\t<\/div>\n\t\t\t\t<\/div>\n\t\t<div class=\"elementor-element elementor-element-b32407d e-con-full e-flex e-con e-child\" data-id=\"b32407d\" data-element_type=\"container\" data-settings=\"{&quot;background_background&quot;:&quot;classic&quot;}\">\n\t\t<div class=\"elementor-element elementor-element-88eaba0 e-con-full e-flex e-con e-child\" data-id=\"88eaba0\" data-element_type=\"container\">\n\t\t\t\t<div class=\"elementor-element elementor-element-3f45404 elementor-list-item-link-inline elementor-align-left elementor-icon-list--layout-traditional elementor-widget elementor-widget-icon-list\" data-id=\"3f45404\" data-element_type=\"widget\" data-widget_type=\"icon-list.default\">\n\t\t\t\t<div class=\"elementor-widget-container\">\n\t\t\t\t\t\t\t<ul class=\"elementor-icon-list-items\">\n\t\t\t\t\t\t\t<li class=\"elementor-icon-list-item\">\n\t\t\t\t\t\t\t\t\t\t\t<span class=\"elementor-icon-list-icon\">\n\t\t\t\t\t\t\t<svg xmlns=\"http:\/\/www.w3.org\/2000\/svg\" width=\"26\" height=\"27\" viewbox=\"0 0 26 27\" fill=\"none\"><mask id=\"mask0_152_767\" style=\"mask-type:alpha\" maskunits=\"userSpaceOnUse\" x=\"0\" y=\"0\" width=\"26\" height=\"27\"><g clip-path=\"url(#clip0_152_767)\"><g clip-path=\"url(#clip1_152_767)\"><path d=\"M13 26.0898C20.1797 26.0898 26 20.2695 26 13.0898C26 5.91014 20.1797 0.0898438 13 0.0898438C5.8203 0.0898438 0 5.91014 0 13.0898C0 20.2695 5.8203 26.0898 13 26.0898Z\" fill=\"black\"><\/path><\/g><\/g><\/mask><g mask=\"url(#mask0_152_767)\"><rect width=\"282\" height=\"26\" transform=\"translate(0 0.5)\" fill=\"#D3F75D\"><\/rect><mask id=\"path-2-inside-1_152_767\" fill=\"white\"><path d=\"M0 0.5H13V26.5H0V0.5Z\"><\/path><\/mask><path d=\"M0 0.5V26.5H13V0.5V-25.5H0V0.5Z\" fill=\"#222222\" mask=\"url(#path-2-inside-1_152_767)\"><\/path><\/g><defs><clippath id=\"clip0_152_767\"><rect width=\"26\" height=\"26\" fill=\"white\" transform=\"translate(0 0.0898438)\"><\/rect><\/clippath><clippath id=\"clip1_152_767\"><rect width=\"26\" height=\"26\" fill=\"white\" transform=\"translate(0 0.0898438)\"><\/rect><\/clippath><\/defs><\/svg>\t\t\t\t\t\t<\/span>\n\t\t\t\t\t\t\t\t\t\t<span class=\"elementor-icon-list-text\">Asterisk : Le syst\u00e8me t\u00e9l\u00e9phonique original \u00e0 code source ouvert<\/span>\n\t\t\t\t\t\t\t\t\t<\/li>\n\t\t\t\t\t\t<\/ul>\n\t\t\t\t\t\t<\/div>\n\t\t\t\t<\/div>\n\t\t\t\t<div class=\"elementor-element elementor-element-6968fce elementor-widget__width-initial elementor-widget-tablet__width-initial elementor-widget-mobile__width-inherit elementor-widget elementor-widget-text-editor\" data-id=\"6968fce\" data-element_type=\"widget\" data-widget_type=\"text-editor.default\">\n\t\t\t\t<div class=\"elementor-widget-container\">\n\t\t\t\t\t\t\t\t\t<p>Asterisk, c'est comme avoir sa propre compagnie de t\u00e9l\u00e9phone. Il s'agit d'un syst\u00e8me t\u00e9l\u00e9phonique complet qui peut remplacer les syst\u00e8mes t\u00e9l\u00e9phoniques de bureau traditionnels, traiter les appels du service client\u00e8le, g\u00e9rer la messagerie vocale et m\u00eame alimenter les centres d'appels, le tout fonctionnant sur du mat\u00e9riel informatique standard.<\/p>\t\t\t\t\t\t\t\t<\/div>\n\t\t\t\t<\/div>\n\t\t\t\t<div class=\"elementor-element elementor-element-ab76ec8 elementor-tablet-align-left elementor-mobile-align-left elementor-align-left elementor-widget elementor-widget-button\" data-id=\"ab76ec8\" data-element_type=\"widget\" data-widget_type=\"button.default\">\n\t\t\t\t<div class=\"elementor-widget-container\">\n\t\t\t\t\t\t\t\t\t<div class=\"elementor-button-wrapper\">\n\t\t\t\t\t<a class=\"elementor-button elementor-button-link elementor-size-sm\" href=\"https:\/\/staging.kahea.ai\/fr\/technologies\/asterisque\/\">\n\t\t\t\t\t\t<span class=\"elementor-button-content-wrapper\">\n\t\t\t\t\t\t\t\t\t<span class=\"elementor-button-text\">En savoir plus<\/span>\n\t\t\t\t\t<\/span>\n\t\t\t\t\t<\/a>\n\t\t\t\t<\/div>\n\t\t\t\t\t\t\t\t<\/div>\n\t\t\t\t<\/div>\n\t\t\t\t<\/div>\n\t\t<div class=\"elementor-element elementor-element-0831e5f e-con-full e-flex e-con e-child\" data-id=\"0831e5f\" data-element_type=\"container\">\n\t\t\t\t<div class=\"elementor-element elementor-element-37f5705 elementor-widget elementor-widget-image\" data-id=\"37f5705\" data-element_type=\"widget\" data-widget_type=\"image.default\">\n\t\t\t\t<div class=\"elementor-widget-container\">\n\t\t\t\t\t\t\t\t\t\t\t\t\t\t\t<img decoding=\"async\" width=\"486\" height=\"325\" src=\"https:\/\/staging.kahea.ai\/wp-content\/uploads\/2025\/06\/tech_temp_img_03.jpg\" class=\"attachment-full size-full wp-image-556\" alt=\"\" srcset=\"https:\/\/staging.kahea.ai\/wp-content\/uploads\/2025\/06\/tech_temp_img_03.jpg 486w, https:\/\/staging.kahea.ai\/wp-content\/uploads\/2025\/06\/tech_temp_img_03-300x201.jpg 300w\" sizes=\"(max-width: 486px) 100vw, 486px\" \/>\t\t\t\t\t\t\t\t\t\t\t\t\t\t\t<\/div>\n\t\t\t\t<\/div>\n\t\t\t\t<\/div>\n\t\t\t\t<\/div>\n\t\t\t\t\t<\/div>\n\t\t\t\t<\/div>\n\t\t\t\t<\/div>","protected":false},"excerpt":{"rendered":"<p>Technologies Open-Source Telecom Platforms Kamailio: The High-Performance Call Router Kamailio is like a sophisticated traffic control system for phone calls and video communications. Just as traffic lights and road signs direct cars through a city, Kamailio directs voice and video calls through telecommunications networks. Learn more FreeSWITCH: The Smart Communication Hub Think of FreeSWITCH as [&hellip;]<\/p>","protected":false},"author":2,"featured_media":209,"parent":0,"menu_order":0,"comment_status":"closed","ping_status":"closed","template":"elementor_header_footer","meta":{"footnotes":""},"class_list":["post-570","page","type-page","status-publish","has-post-thumbnail","hentry"],"yoast_head":"<!-- This site is optimized with the Yoast SEO Premium plugin v24.3 (Yoast SEO v25.2) - https:\/\/yoast.com\/wordpress\/plugins\/seo\/ -->\n<title>Kahea Technologies | Open-Source Telecom Platforms<\/title>\n<meta name=\"description\" content=\"Explore Kahea\u2019s high-performance open-source telecom stack with Kamailio, FreeSWITCH, and Asterisk\u2014built for flexibility, scale, and modern networks.\" \/>\n<meta name=\"robots\" content=\"noindex, follow, max-snippet:-1, max-image-preview:large, max-video-preview:-1\" \/>\n<meta property=\"og:locale\" content=\"fr_FR\" \/>\n<meta property=\"og:type\" content=\"article\" \/>\n<meta property=\"og:title\" content=\"Technologies\" \/>\n<meta property=\"og:description\" content=\"Explore Kahea\u2019s high-performance open-source telecom stack with Kamailio, FreeSWITCH, and Asterisk\u2014built for flexibility, scale, and modern networks.\" \/>\n<meta property=\"og:url\" content=\"https:\/\/staging.kahea.ai\/fr\/technologies\/\" \/>\n<meta property=\"og:site_name\" content=\"Kahea\" \/>\n<meta property=\"article:modified_time\" content=\"2025-08-12T11:58:07+00:00\" \/>\n<meta property=\"og:image\" content=\"https:\/\/staging.kahea.ai\/wp-content\/uploads\/2025\/06\/kahea_thumbnail.png\" \/>\n\t<meta property=\"og:image:width\" content=\"200\" \/>\n\t<meta property=\"og:image:height\" content=\"200\" \/>\n\t<meta property=\"og:image:type\" content=\"image\/png\" \/>\n<meta name=\"twitter:card\" content=\"summary_large_image\" \/>\n<meta name=\"twitter:label1\" content=\"Est. reading time\" \/>\n\t<meta name=\"twitter:data1\" content=\"2 minutes\" \/>\n<script type=\"application\/ld+json\" class=\"yoast-schema-graph\">{\"@context\":\"https:\/\/schema.org\",\"@graph\":[{\"@type\":\"WebPage\",\"@id\":\"https:\/\/staging.kahea.ai\/technologies\/\",\"url\":\"https:\/\/staging.kahea.ai\/technologies\/\",\"name\":\"Kahea Technologies | Open-Source Telecom Platforms\",\"isPartOf\":{\"@id\":\"https:\/\/staging.kahea.ai\/#website\"},\"primaryImageOfPage\":{\"@id\":\"https:\/\/staging.kahea.ai\/technologies\/#primaryimage\"},\"image\":{\"@id\":\"https:\/\/staging.kahea.ai\/technologies\/#primaryimage\"},\"thumbnailUrl\":\"https:\/\/staging.kahea.ai\/wp-content\/uploads\/2025\/06\/kahea_thumbnail.png\",\"datePublished\":\"2025-06-24T22:28:19+00:00\",\"dateModified\":\"2025-08-12T11:58:07+00:00\",\"description\":\"Explore Kahea\u2019s high-performance open-source telecom stack with Kamailio, FreeSWITCH, and Asterisk\u2014built for flexibility, scale, and modern networks.\",\"breadcrumb\":{\"@id\":\"https:\/\/staging.kahea.ai\/technologies\/#breadcrumb\"},\"inLanguage\":\"fr-FR\",\"potentialAction\":[{\"@type\":\"ReadAction\",\"target\":[\"https:\/\/staging.kahea.ai\/technologies\/\"]}]},{\"@type\":\"ImageObject\",\"inLanguage\":\"fr-FR\",\"@id\":\"https:\/\/staging.kahea.ai\/technologies\/#primaryimage\",\"url\":\"https:\/\/staging.kahea.ai\/wp-content\/uploads\/2025\/06\/kahea_thumbnail.png\",\"contentUrl\":\"https:\/\/staging.kahea.ai\/wp-content\/uploads\/2025\/06\/kahea_thumbnail.png\",\"width\":200,\"height\":200},{\"@type\":\"BreadcrumbList\",\"@id\":\"https:\/\/staging.kahea.ai\/technologies\/#breadcrumb\",\"itemListElement\":[{\"@type\":\"ListItem\",\"position\":1,\"name\":\"Home\",\"item\":\"https:\/\/staging.kahea.ai\/\"},{\"@type\":\"ListItem\",\"position\":2,\"name\":\"Technologies\"}]},{\"@type\":\"WebSite\",\"@id\":\"https:\/\/staging.kahea.ai\/#website\",\"url\":\"https:\/\/staging.kahea.ai\/\",\"name\":\"Kahea\",\"description\":\"Revolutionizing IVRs for Modern Businesses\",\"publisher\":{\"@id\":\"https:\/\/staging.kahea.ai\/#organization\"},\"potentialAction\":[{\"@type\":\"SearchAction\",\"target\":{\"@type\":\"EntryPoint\",\"urlTemplate\":\"https:\/\/staging.kahea.ai\/?s={search_term_string}\"},\"query-input\":{\"@type\":\"PropertyValueSpecification\",\"valueRequired\":true,\"valueName\":\"search_term_string\"}}],\"inLanguage\":\"fr-FR\"},{\"@type\":\"Organization\",\"@id\":\"https:\/\/staging.kahea.ai\/#organization\",\"name\":\"Kahea\",\"url\":\"https:\/\/staging.kahea.ai\/\",\"logo\":{\"@type\":\"ImageObject\",\"inLanguage\":\"fr-FR\",\"@id\":\"https:\/\/staging.kahea.ai\/#\/schema\/logo\/image\/\",\"url\":\"https:\/\/staging.kahea.ai\/wp-content\/uploads\/2025\/06\/kahea.svg\",\"contentUrl\":\"https:\/\/staging.kahea.ai\/wp-content\/uploads\/2025\/06\/kahea.svg\",\"caption\":\"Kahea\"},\"image\":{\"@id\":\"https:\/\/staging.kahea.ai\/#\/schema\/logo\/image\/\"}}]}<\/script>\n<!-- \/ Yoast SEO Premium plugin. -->","yoast_head_json":{"title":"Kahea Technologies | Open-Source Telecom Platforms","description":"Explore Kahea\u2019s high-performance open-source telecom stack with Kamailio, FreeSWITCH, and Asterisk\u2014built for flexibility, scale, and modern networks.","robots":{"index":"noindex","follow":"follow","max-snippet":"max-snippet:-1","max-image-preview":"max-image-preview:large","max-video-preview":"max-video-preview:-1"},"og_locale":"fr_FR","og_type":"article","og_title":"Technologies","og_description":"Explore Kahea\u2019s high-performance open-source telecom stack with Kamailio, FreeSWITCH, and Asterisk\u2014built for flexibility, scale, and modern networks.","og_url":"https:\/\/staging.kahea.ai\/fr\/technologies\/","og_site_name":"Kahea","article_modified_time":"2025-08-12T11:58:07+00:00","og_image":[{"width":200,"height":200,"url":"https:\/\/staging.kahea.ai\/wp-content\/uploads\/2025\/06\/kahea_thumbnail.png","type":"image\/png"}],"twitter_card":"summary_large_image","twitter_misc":{"Est. reading time":"2 minutes"},"schema":{"@context":"https:\/\/schema.org","@graph":[{"@type":"WebPage","@id":"https:\/\/staging.kahea.ai\/technologies\/","url":"https:\/\/staging.kahea.ai\/technologies\/","name":"Kahea Technologies | Open-Source Telecom Platforms","isPartOf":{"@id":"https:\/\/staging.kahea.ai\/#website"},"primaryImageOfPage":{"@id":"https:\/\/staging.kahea.ai\/technologies\/#primaryimage"},"image":{"@id":"https:\/\/staging.kahea.ai\/technologies\/#primaryimage"},"thumbnailUrl":"https:\/\/staging.kahea.ai\/wp-content\/uploads\/2025\/06\/kahea_thumbnail.png","datePublished":"2025-06-24T22:28:19+00:00","dateModified":"2025-08-12T11:58:07+00:00","description":"Explore Kahea\u2019s high-performance open-source telecom stack with Kamailio, FreeSWITCH, and Asterisk\u2014built for flexibility, scale, and modern networks.","breadcrumb":{"@id":"https:\/\/staging.kahea.ai\/technologies\/#breadcrumb"},"inLanguage":"fr-FR","potentialAction":[{"@type":"ReadAction","target":["https:\/\/staging.kahea.ai\/technologies\/"]}]},{"@type":"ImageObject","inLanguage":"fr-FR","@id":"https:\/\/staging.kahea.ai\/technologies\/#primaryimage","url":"https:\/\/staging.kahea.ai\/wp-content\/uploads\/2025\/06\/kahea_thumbnail.png","contentUrl":"https:\/\/staging.kahea.ai\/wp-content\/uploads\/2025\/06\/kahea_thumbnail.png","width":200,"height":200},{"@type":"BreadcrumbList","@id":"https:\/\/staging.kahea.ai\/technologies\/#breadcrumb","itemListElement":[{"@type":"ListItem","position":1,"name":"Home","item":"https:\/\/staging.kahea.ai\/"},{"@type":"ListItem","position":2,"name":"Technologies"}]},{"@type":"WebSite","@id":"https:\/\/staging.kahea.ai\/#website","url":"https:\/\/staging.kahea.ai\/","name":"Kahea","description":"Revolutionizing IVRs for Modern Businesses","publisher":{"@id":"https:\/\/staging.kahea.ai\/#organization"},"potentialAction":[{"@type":"SearchAction","target":{"@type":"EntryPoint","urlTemplate":"https:\/\/staging.kahea.ai\/?s={search_term_string}"},"query-input":{"@type":"PropertyValueSpecification","valueRequired":true,"valueName":"search_term_string"}}],"inLanguage":"fr-FR"},{"@type":"Organization","@id":"https:\/\/staging.kahea.ai\/#organization","name":"Kahea","url":"https:\/\/staging.kahea.ai\/","logo":{"@type":"ImageObject","inLanguage":"fr-FR","@id":"https:\/\/staging.kahea.ai\/#\/schema\/logo\/image\/","url":"https:\/\/staging.kahea.ai\/wp-content\/uploads\/2025\/06\/kahea.svg","contentUrl":"https:\/\/staging.kahea.ai\/wp-content\/uploads\/2025\/06\/kahea.svg","caption":"Kahea"},"image":{"@id":"https:\/\/staging.kahea.ai\/#\/schema\/logo\/image\/"}}]}},"_links":{"self":[{"href":"https:\/\/staging.kahea.ai\/fr\/wp-json\/wp\/v2\/pages\/570","targetHints":{"allow":["GET"]}}],"collection":[{"href":"https:\/\/staging.kahea.ai\/fr\/wp-json\/wp\/v2\/pages"}],"about":[{"href":"https:\/\/staging.kahea.ai\/fr\/wp-json\/wp\/v2\/types\/page"}],"author":[{"embeddable":true,"href":"https:\/\/staging.kahea.ai\/fr\/wp-json\/wp\/v2\/users\/2"}],"replies":[{"embeddable":true,"href":"https:\/\/staging.kahea.ai\/fr\/wp-json\/wp\/v2\/comments?post=570"}],"version-history":[{"count":20,"href":"https:\/\/staging.kahea.ai\/fr\/wp-json\/wp\/v2\/pages\/570\/revisions"}],"predecessor-version":[{"id":2487,"href":"https:\/\/staging.kahea.ai\/fr\/wp-json\/wp\/v2\/pages\/570\/revisions\/2487"}],"wp:featuredmedia":[{"embeddable":true,"href":"https:\/\/staging.kahea.ai\/fr\/wp-json\/wp\/v2\/media\/209"}],"wp:attachment":[{"href":"https:\/\/staging.kahea.ai\/fr\/wp-json\/wp\/v2\/media?parent=570"}],"curies":[{"name":"wp","href":"https:\/\/api.w.org\/{rel}","templated":true}]}}